{"id":3,"date":"2021-09-24T16:03:08","date_gmt":"2021-09-24T16:03:08","guid":{"rendered":"http:\/\/growups.local\/?page_id=3"},"modified":"2022-01-26T17:15:00","modified_gmt":"2022-01-26T15:15:00","slug":"privacy-policy","status":"publish","type":"page","link":"https:\/\/growups.cz\/en\/privacy-policy\/","title":{"rendered":"Z\u00e1sady ochrany osobn\u00edch \u00fadaj\u016f"},"content":{"rendered":"<div data-elementor-type=\"wp-page\" data-elementor-id=\"3\" class=\"elementor elementor-3\" data-elementor-settings=\"[]\">\n\t\t\t\t\t\t\t<div class=\"elementor-section-wrap\">\n\t\t\t\t\t\t\t<section class=\"elementor-section elementor-top-section elementor-element elementor-element-4979a1f4 elementor-section-boxed elementor-section-height-default elementor-section-height-default\" data-id=\"4979a1f4\" data-element_type=\"section\">\n\t\t\t\t\t\t<div class=\"elementor-container elementor-column-gap-default\">\n\t\t\t\t\t<div class=\"elementor-column elementor-col-100 elementor-top-column elementor-element elementor-element-69436b13\" data-id=\"69436b13\" data-element_type=\"column\">\n\t\t\t<div class=\"elementor-widget-wrap elementor-element-populated\">\n\t\t\t\t\t\t\t\t<div class=\"elementor-element elementor-element-e735e12 elementor-widget elementor-widget-heading\" data-id=\"e735e12\" data-element_type=\"widget\" data-widget_type=\"heading.default\">\n\t\t\t\t<div class=\"elementor-widget-container\">\n\t\t\t<h1 class=\"elementor-heading-title elementor-size-default\">Privacy Policy<\/h1>\t\t<\/div>\n\t\t\t\t<\/div>\n\t\t\t\t<div class=\"elementor-element elementor-element-c03f012 elementor-widget elementor-widget-heading\" data-id=\"c03f012\" data-element_type=\"widget\" data-widget_type=\"heading.default\">\n\t\t\t\t<div class=\"elementor-widget-container\">\n\t\t\t<h1 class=\"elementor-heading-title elementor-size-default\">I. Basic Provisions<\/h1>\t\t<\/div>\n\t\t\t\t<\/div>\n\t\t\t\t<div class=\"elementor-element elementor-element-dadbac4 elementor-widget elementor-widget-text-editor\" data-id=\"dadbac4\" data-element_type=\"widget\" data-widget_type=\"text-editor.default\">\n\t\t\t\t<div class=\"elementor-widget-container\">\n\t\t\t\t\t\t\t<ol>\n<li>The controller of personal data pursuant to Article 4, point 7 of Regulation (EU) 2016\/679 of the European Parliament and of the Council on the protection of natural persons with regard to the processing of personal data and on the free movement of such data (hereinafter: \"GDPR\") is GrowUps Advisory s.r.o. , ID No. 11758554, VAT No. CZ11758554, with its registered office at Pob\u0159e\u017en\u00ed 249\/46, Karl\u00edn, 186 00 Prague 8, hereinafter: \"the controller\").<\/li>\n<li>The contact details of the administrator are: address: Pob\u0159e\u017en\u00ed 249\/46, 186 00 Praha, email: info@growups.cz<\/li>\n<li>Personal data means any information about an identified or identifiable natural person; an identifiable natural person is a natural person who can be identified, directly or indirectly, in particular by reference to a specific identifier, such as a name, an identification number, location data, a network identifier or to one or more specific elements of the physical, physiological, genetic, psychological, economic, cultural or social identity of that natural person.<\/li>\n<li>The controller has not appointed a data protection officer.<\/li>\n<\/ol>\t\t\t\t\t\t<\/div>\n\t\t\t\t<\/div>\n\t\t\t\t<div class=\"elementor-element elementor-element-f202b3f elementor-widget elementor-widget-heading\" data-id=\"f202b3f\" data-element_type=\"widget\" data-widget_type=\"heading.default\">\n\t\t\t\t<div class=\"elementor-widget-container\">\n\t\t\t<h1 class=\"elementor-heading-title elementor-size-default\">II. Sources and categories of personal data processed<\/h1>\t\t<\/div>\n\t\t\t\t<\/div>\n\t\t\t\t<div class=\"elementor-element elementor-element-a4749a4 elementor-widget elementor-widget-text-editor\" data-id=\"a4749a4\" data-element_type=\"widget\" data-widget_type=\"text-editor.default\">\n\t\t\t\t<div class=\"elementor-widget-container\">\n\t\t\t\t\t\t\t<ol>\n<li>The controller processes personal data that you have provided to the controller or personal data that the controller has obtained as a result of contacting you via the website, contact form, social networks or data that you yourself provide by email, telephone or other means.<\/li>\n<li>The controller processes your identification and contact data and data necessary for the performance of the contract.<\/li>\n<\/ol>\t\t\t\t\t\t<\/div>\n\t\t\t\t<\/div>\n\t\t\t\t<div class=\"elementor-element elementor-element-4ef03ba elementor-widget elementor-widget-heading\" data-id=\"4ef03ba\" data-element_type=\"widget\" data-widget_type=\"heading.default\">\n\t\t\t\t<div class=\"elementor-widget-container\">\n\t\t\t<h1 class=\"elementor-heading-title elementor-size-default\">III. Lawful basis and purpose for processing personal data<\/h1>\t\t<\/div>\n\t\t\t\t<\/div>\n\t\t\t\t<div class=\"elementor-element elementor-element-fbe42cc elementor-widget elementor-widget-text-editor\" data-id=\"fbe42cc\" data-element_type=\"widget\" data-widget_type=\"text-editor.default\">\n\t\t\t\t<div class=\"elementor-widget-container\">\n\t\t\t\t\t\t\tThe lawful basis for processing personal data is:\n<ul>\n  \t<li>performance of the contract between you and the controller pursuant to Article 6(1)(b) GDPR,<\/li>\n \t<li>the legitimate interest of the controller in providing direct marketing (in particular for sending commercial communications and newsletters) pursuant to Article 6(1)(f) GDPR,<\/li>\n \t<li>Your consent to processing for the purpose of providing direct marketing (in particular for sending commercial communications and newsletters) pursuant to Article 6(1)(a) GDPR in conjunction with Section 7(2) of Act No. 480\/2004 Coll., on certain information society services, in the absence of an order for goods or services.<\/li>\n<\/ul>\nThe purpose of the processing of personal data is\n<ul>\n \t<li>the exercise of rights and obligations arising from the contractual relationship between you and the controller; the provision of personal data is a necessary requirement for the conclusion and performance of the contract, without the provision of personal data it is not possible to conclude the contract or its performance by the controller,<\/li>\n \t<li>sending commercial communications and other marketing activities.<\/li>\n<\/ul>\n<span style=\"font-size: 18px; color: var( --e-global-color-b00d016 );\">There is no automatic individual decision-making by the controller within the meaning of Article 22 GDPR.<\/span>\t\t\t\t\t\t<\/div>\n\t\t\t\t<\/div>\n\t\t\t\t<div class=\"elementor-element elementor-element-e629531 elementor-widget elementor-widget-heading\" data-id=\"e629531\" data-element_type=\"widget\" data-widget_type=\"heading.default\">\n\t\t\t\t<div class=\"elementor-widget-container\">\n\t\t\t<h1 class=\"elementor-heading-title elementor-size-default\">IV. Data retention period<\/h1>\t\t<\/div>\n\t\t\t\t<\/div>\n\t\t\t\t<div class=\"elementor-element elementor-element-c286fcf elementor-widget elementor-widget-text-editor\" data-id=\"c286fcf\" data-element_type=\"widget\" data-widget_type=\"text-editor.default\">\n\t\t\t\t<div class=\"elementor-widget-container\">\n\t\t\t\t\t\t\t<ul>\n<li>The controller retains personal data\nfor the period necessary to exercise the rights and obligations arising from the contractual relationship between you and the controller and to assert claims arising from this contractual relationship (for 15 years from the end of the contractual relationship).<\/li>\n<li>For the period until consent to the processing of personal data for marketing purposes is withdrawn, but no longer than 15 years if the personal data is processed on the basis of consent.<\/li>\n<\/ul>\n<p>After the expiry of the retention period, the controller will delete the personal data.<\/p>\t\t\t\t\t\t<\/div>\n\t\t\t\t<\/div>\n\t\t\t\t<div class=\"elementor-element elementor-element-006c24b elementor-widget elementor-widget-heading\" data-id=\"006c24b\" data-element_type=\"widget\" data-widget_type=\"heading.default\">\n\t\t\t\t<div class=\"elementor-widget-container\">\n\t\t\t<h1 class=\"elementor-heading-title elementor-size-default\">V. Your rights<\/h1>\t\t<\/div>\n\t\t\t\t<\/div>\n\t\t\t\t<div class=\"elementor-element elementor-element-88c9224 elementor-widget elementor-widget-text-editor\" data-id=\"88c9224\" data-element_type=\"widget\" data-widget_type=\"text-editor.default\">\n\t\t\t\t<div class=\"elementor-widget-container\">\n\t\t\t\t\t\t\t<p>Under the conditions set out in the GDPR, you have<\/p>\n<ul>\n<li>The right to access your personal data in accordance with Article 15 of the GDPR,<\/li>\n<li>the right to rectification of personal data pursuant to Article 16 GDPR, or restriction of processing pursuant to Article 18 GDPR,<\/li>\n<li>the right to erasure of personal data pursuant to Article 17 GDPR,<\/li>\n<li>the right to object to processing under Article 21 GDPR,<\/li>\n<li>the right to data portability under Article 20 GDPR,<\/li>\n<li>the right to withdraw consent to processing in writing or electronically to the address or email of the controller set out in Article III of these terms and conditions.<\/li>\n<\/ul>\n<p>You also have the right to lodge a complaint with the Data Protection Authority if you believe that your data protection rights have been violated.<\/p>\t\t\t\t\t\t<\/div>\n\t\t\t\t<\/div>\n\t\t\t\t<div class=\"elementor-element elementor-element-b4a859d elementor-widget elementor-widget-heading\" data-id=\"b4a859d\" data-element_type=\"widget\" data-widget_type=\"heading.default\">\n\t\t\t\t<div class=\"elementor-widget-container\">\n\t\t\t<h1 class=\"elementor-heading-title elementor-size-default\">VI. Personal data security conditions<\/h1>\t\t<\/div>\n\t\t\t\t<\/div>\n\t\t\t\t<div class=\"elementor-element elementor-element-fdbdf48 elementor-widget elementor-widget-text-editor\" data-id=\"fdbdf48\" data-element_type=\"widget\" data-widget_type=\"text-editor.default\">\n\t\t\t\t<div class=\"elementor-widget-container\">\n\t\t\t\t\t\t\t<ol>\n<li>The Controller declares that it has taken all appropriate technical and organisational measures to secure personal data.<\/li>\n<li>The controller has taken technical measures to secure data storage and storage of personal data in paper form.<\/li>\n<li>The controller declares that only persons authorised by it have access to the personal data.<\/li>\n<\/ol>\t\t\t\t\t\t<\/div>\n\t\t\t\t<\/div>\n\t\t\t\t<div class=\"elementor-element elementor-element-e1877d8 elementor-widget elementor-widget-heading\" data-id=\"e1877d8\" data-element_type=\"widget\" data-widget_type=\"heading.default\">\n\t\t\t\t<div class=\"elementor-widget-container\">\n\t\t\t<h1 class=\"elementor-heading-title elementor-size-default\">VII. Final provisions<\/h1>\t\t<\/div>\n\t\t\t\t<\/div>\n\t\t\t\t<div class=\"elementor-element elementor-element-d0e3b49 elementor-widget elementor-widget-text-editor\" data-id=\"d0e3b49\" data-element_type=\"widget\" data-widget_type=\"text-editor.default\">\n\t\t\t\t<div class=\"elementor-widget-container\">\n\t\t\t\t\t\t\t<ol>\n<li>By submitting an enquiry from the contact form, you confirm that you are aware of the terms and conditions of data protection and that you accept them in their entirety.<\/li>\n<li>You agree to these terms and conditions by ticking the consent box via the online form. By ticking the consent box, you confirm that you are aware of the privacy policy and that you accept it in its entirety.<\/li>\n<li>The controller is entitled to change these terms and conditions. It will publish the new version of the Privacy Policy on its website and will also send you the new version of the Privacy Policy to the email address you have provided to the controller.<\/li>\n<\/ol>\t\t\t\t\t\t<\/div>\n\t\t\t\t<\/div>\n\t\t\t\t<div class=\"elementor-element elementor-element-38213f9 elementor-widget elementor-widget-spacer\" data-id=\"38213f9\" data-element_type=\"widget\" data-widget_type=\"spacer.default\">\n\t\t\t\t<div class=\"elementor-widget-container\">\n\t\t\t\t\t<div class=\"elementor-spacer\">\n\t\t\t<div class=\"elementor-spacer-inner\"><\/div>\n\t\t<\/div>\n\t\t\t\t<\/div>\n\t\t\t\t<\/div>\n\t\t\t\t<div class=\"elementor-element elementor-element-0581d8e elementor-widget elementor-widget-text-editor\" data-id=\"0581d8e\" data-element_type=\"widget\" data-widget_type=\"text-editor.default\">\n\t\t\t\t<div class=\"elementor-widget-container\">\n\t\t\t\t\t\t\t<p>These terms will take effect on 1<sup>st<\/sup> October 2021.<\/p>\t\t\t\t\t\t<\/div>\n\t\t\t\t<\/div>\n\t\t\t\t\t<\/div>\n\t\t<\/div>\n\t\t\t\t\t\t\t<\/div>\n\t\t<\/section>\n\t\t\t\t\t\t<\/div>\n\t\t\t\t\t<\/div>","protected":false},"excerpt":{"rendered":"<p>Podm\u00ednky ochrany osobn\u00edch \u00fadaj\u016f I. Z\u00e1kladn\u00ed ustanoven\u00ed Spr\u00e1vcem osobn\u00edch \u00fadaj\u016f podle \u010dl. 4 bod 7 na\u0159\u00edzen\u00ed Evropsk\u00e9ho parlamentu a Rady (EU) 2016\/679 o ochran\u011b fyzick\u00fdch&hellip;<\/p>","protected":false},"author":1,"featured_media":0,"parent":0,"menu_order":0,"comment_status":"closed","ping_status":"open","template":"","meta":{"inline_featured_image":false,"_monsterinsights_skip_tracking":false,"_monsterinsights_sitenote_active":false,"_monsterinsights_sitenote_note":"","_monsterinsights_sitenote_category":0,"footnotes":""},"class_list":["post-3","page","type-page","status-publish","hentry"],"aioseo_notices":[],"_links":{"self":[{"href":"https:\/\/growups.cz\/en\/wp-json\/wp\/v2\/pages\/3","targetHints":{"allow":["GET"]}}],"collection":[{"href":"https:\/\/growups.cz\/en\/wp-json\/wp\/v2\/pages"}],"about":[{"href":"https:\/\/growups.cz\/en\/wp-json\/wp\/v2\/types\/page"}],"author":[{"embeddable":true,"href":"https:\/\/growups.cz\/en\/wp-json\/wp\/v2\/users\/1"}],"replies":[{"embeddable":true,"href":"https:\/\/growups.cz\/en\/wp-json\/wp\/v2\/comments?post=3"}],"version-history":[{"count":24,"href":"https:\/\/growups.cz\/en\/wp-json\/wp\/v2\/pages\/3\/revisions"}],"predecessor-version":[{"id":1604,"href":"https:\/\/growups.cz\/en\/wp-json\/wp\/v2\/pages\/3\/revisions\/1604"}],"wp:attachment":[{"href":"https:\/\/growups.cz\/en\/wp-json\/wp\/v2\/media?parent=3"}],"curies":[{"name":"wp","href":"https:\/\/api.w.org\/{rel}","templated":true}]}}